{"id":13,"date":"2023-11-07T10:43:21","date_gmt":"2023-11-07T10:43:21","guid":{"rendered":"https:\/\/prodelmi.hr\/?page_id=13"},"modified":"2023-11-27T11:05:35","modified_gmt":"2023-11-27T11:05:35","slug":"usluge","status":"publish","type":"page","link":"https:\/\/prodelmi.hr\/index.php\/usluge\/","title":{"rendered":"Usluge"},"content":{"rendered":"\n<div class=\"wp-block-media-text is-stacked-on-mobile\" style=\"grid-template-columns:34% auto\"><figure class=\"wp-block-media-text__media\"><img loading=\"lazy\" decoding=\"async\" width=\"1000\" height=\"1000\" src=\"https:\/\/prodelmi.hr\/wp-content\/uploads\/2023\/11\/1000_F_262166411_WHDylGUeU93ne5a0T9woSchaYUWZW97s.jpg\" alt=\"\" class=\"wp-image-127 size-full\" srcset=\"https:\/\/prodelmi.hr\/wp-content\/uploads\/2023\/11\/1000_F_262166411_WHDylGUeU93ne5a0T9woSchaYUWZW97s.jpg 1000w, https:\/\/prodelmi.hr\/wp-content\/uploads\/2023\/11\/1000_F_262166411_WHDylGUeU93ne5a0T9woSchaYUWZW97s-300x300.jpg 300w, https:\/\/prodelmi.hr\/wp-content\/uploads\/2023\/11\/1000_F_262166411_WHDylGUeU93ne5a0T9woSchaYUWZW97s-150x150.jpg 150w, https:\/\/prodelmi.hr\/wp-content\/uploads\/2023\/11\/1000_F_262166411_WHDylGUeU93ne5a0T9woSchaYUWZW97s-768x768.jpg 768w\" sizes=\"auto, (max-width: 1000px) 100vw, 1000px\" \/><\/figure><div class=\"wp-block-media-text__content\">\n<p>Fasada na novogradnji, nova fasada na postoje\u0107u, uklanjanje stiropora na zidu\u2026 Svi fasadni sustavi izvode se s materijalom\u00a0<strong>STO GMBH<\/strong>\u00a0koji je jedan od najboljih brendova u Europi\u2026<\/p>\n<\/div><\/div>\n\n\n\n<div class=\"wp-block-media-text is-stacked-on-mobile\" style=\"grid-template-columns:34% auto\"><figure class=\"wp-block-media-text__media\"><img loading=\"lazy\" decoding=\"async\" width=\"360\" height=\"360\" src=\"https:\/\/prodelmi.hr\/wp-content\/uploads\/2023\/11\/360_F_423921213_K3br9IuoiO5aG3FCw3Jl0D6bs7RqDYUN.jpg\" alt=\"\" class=\"wp-image-123 size-full\" srcset=\"https:\/\/prodelmi.hr\/wp-content\/uploads\/2023\/11\/360_F_423921213_K3br9IuoiO5aG3FCw3Jl0D6bs7RqDYUN.jpg 360w, https:\/\/prodelmi.hr\/wp-content\/uploads\/2023\/11\/360_F_423921213_K3br9IuoiO5aG3FCw3Jl0D6bs7RqDYUN-300x300.jpg 300w, https:\/\/prodelmi.hr\/wp-content\/uploads\/2023\/11\/360_F_423921213_K3br9IuoiO5aG3FCw3Jl0D6bs7RqDYUN-150x150.jpg 150w\" sizes=\"auto, (max-width: 360px) 100vw, 360px\" \/><\/figure><div class=\"wp-block-media-text__content\">\n<p><span style=\"font-size: 19.2px; text-align: center; white-space-collapse: collapse;\">Klasi\u010dna ru\u010dna \u017ebuka, klasi\u010dno \u017ebukanje za zidanu ku\u0107u, strojno \u017ebukanje radimo s<\/span><strong style=\"box-sizing: inherit; font-size: 19.2px; text-align: center; white-space-collapse: collapse;\">\u00a0Rofix<\/strong><span style=\"font-size: 19.2px; text-align: center; white-space-collapse: collapse;\">\u00a0materijalom\u2026<\/span><\/p>\n<\/div><\/div>\n\n\n\n<div class=\"wp-block-media-text is-stacked-on-mobile\" style=\"grid-template-columns:33% auto\"><figure class=\"wp-block-media-text__media\"><img loading=\"lazy\" decoding=\"async\" width=\"600\" height=\"360\" src=\"https:\/\/prodelmi.hr\/wp-content\/uploads\/2023\/11\/360_F_406887410_g0a5fUJc7Br2uRLVoCDCNGlNxs9ZMVCt.jpg\" alt=\"\" class=\"wp-image-121 size-full\" srcset=\"https:\/\/prodelmi.hr\/wp-content\/uploads\/2023\/11\/360_F_406887410_g0a5fUJc7Br2uRLVoCDCNGlNxs9ZMVCt.jpg 600w, https:\/\/prodelmi.hr\/wp-content\/uploads\/2023\/11\/360_F_406887410_g0a5fUJc7Br2uRLVoCDCNGlNxs9ZMVCt-300x180.jpg 300w\" sizes=\"auto, (max-width: 600px) 100vw, 600px\" \/><\/figure><div class=\"wp-block-media-text__content\">\n<p>Dvojno bojanje ku\u0107e, izbjeljivanje stana s kitanjem i gletanjem, bojanje stropa, kitanje i bojanje zida, bojanje fasade, farbanje nadstre\u0161nice, bojanje\u2026<\/p>\n<\/div><\/div>\n","protected":false},"excerpt":{"rendered":"<p>Fasada na novogradnji, nova fasada na postoje\u0107u, uklanjanje stiropora na zidu\u2026 Svi fasadni sustavi izvode [&hellip;]<\/p>\n","protected":false},"author":1,"featured_media":0,"parent":0,"menu_order":0,"comment_status":"closed","ping_status":"closed","template":"","meta":{"footnotes":""},"class_list":["post-13","page","type-page","status-publish","hentry"],"_links":{"self":[{"href":"https:\/\/prodelmi.hr\/index.php\/wp-json\/wp\/v2\/pages\/13","targetHints":{"allow":["GET"]}}],"collection":[{"href":"https:\/\/prodelmi.hr\/index.php\/wp-json\/wp\/v2\/pages"}],"about":[{"href":"https:\/\/prodelmi.hr\/index.php\/wp-json\/wp\/v2\/types\/page"}],"author":[{"embeddable":true,"href":"https:\/\/prodelmi.hr\/index.php\/wp-json\/wp\/v2\/users\/1"}],"replies":[{"embeddable":true,"href":"https:\/\/prodelmi.hr\/index.php\/wp-json\/wp\/v2\/comments?post=13"}],"version-history":[{"count":8,"href":"https:\/\/prodelmi.hr\/index.php\/wp-json\/wp\/v2\/pages\/13\/revisions"}],"predecessor-version":[{"id":129,"href":"https:\/\/prodelmi.hr\/index.php\/wp-json\/wp\/v2\/pages\/13\/revisions\/129"}],"wp:attachment":[{"href":"https:\/\/prodelmi.hr\/index.php\/wp-json\/wp\/v2\/media?parent=13"}],"curies":[{"name":"wp","href":"https:\/\/api.w.org\/{rel}","templated":true}]}}