{"id":43,"date":"2023-11-08T08:36:22","date_gmt":"2023-11-08T08:36:22","guid":{"rendered":"https:\/\/prodelmi.hr\/?page_id=43"},"modified":"2024-10-21T09:41:52","modified_gmt":"2024-10-21T09:41:52","slug":"galerija","status":"publish","type":"page","link":"https:\/\/prodelmi.hr\/index.php\/galerija\/","title":{"rendered":"Galerija"},"content":{"rendered":"\n<div class=\"wp-block-columns is-layout-flex wp-container-core-columns-is-layout-28f84493 wp-block-columns-is-layout-flex\">\n<div class=\"wp-block-column is-layout-flow wp-block-column-is-layout-flow\" style=\"flex-basis:100%\">\n<figure class=\"wp-block-gallery has-nested-images columns-default is-cropped wp-block-gallery-1 is-layout-flex wp-block-gallery-is-layout-flex\">\n<figure class=\"wp-block-image size-large\"><img loading=\"lazy\" decoding=\"async\" width=\"1024\" height=\"576\" data-id=\"137\" src=\"https:\/\/prodelmi.hr\/wp-content\/uploads\/2024\/10\/12-1-1024x576.jpg\" alt=\"\" class=\"wp-image-137\" srcset=\"https:\/\/prodelmi.hr\/wp-content\/uploads\/2024\/10\/12-1-1024x576.jpg 1024w, https:\/\/prodelmi.hr\/wp-content\/uploads\/2024\/10\/12-1-300x169.jpg 300w, https:\/\/prodelmi.hr\/wp-content\/uploads\/2024\/10\/12-1-768x432.jpg 768w, https:\/\/prodelmi.hr\/wp-content\/uploads\/2024\/10\/12-1-1536x864.jpg 1536w, https:\/\/prodelmi.hr\/wp-content\/uploads\/2024\/10\/12-1.jpg 2000w\" sizes=\"auto, (max-width: 1024px) 100vw, 1024px\" \/><\/figure>\n<\/figure>\n<\/div>\n<\/div>\n\n\n\n<figure class=\"wp-block-gallery has-nested-images columns-default is-cropped wp-block-gallery-2 is-layout-flex wp-block-gallery-is-layout-flex\">\n<figure class=\"wp-block-image size-large\"><img loading=\"lazy\" decoding=\"async\" width=\"1024\" height=\"768\" data-id=\"72\" src=\"https:\/\/prodelmi.hr\/wp-content\/uploads\/2023\/11\/259962573_3060862184131038_349441025627455288_n-ink-1024x768.jpeg\" alt=\"\" class=\"wp-image-72\" srcset=\"https:\/\/prodelmi.hr\/wp-content\/uploads\/2023\/11\/259962573_3060862184131038_349441025627455288_n-ink-1024x768.jpeg 1024w, https:\/\/prodelmi.hr\/wp-content\/uploads\/2023\/11\/259962573_3060862184131038_349441025627455288_n-ink-300x225.jpeg 300w, https:\/\/prodelmi.hr\/wp-content\/uploads\/2023\/11\/259962573_3060862184131038_349441025627455288_n-ink-768x576.jpeg 768w, https:\/\/prodelmi.hr\/wp-content\/uploads\/2023\/11\/259962573_3060862184131038_349441025627455288_n-ink-1536x1152.jpeg 1536w, https:\/\/prodelmi.hr\/wp-content\/uploads\/2023\/11\/259962573_3060862184131038_349441025627455288_n-ink.jpeg 2048w\" sizes=\"auto, (max-width: 1024px) 100vw, 1024px\" \/><figcaption class=\"wp-element-caption\"><strong>Prodelmi d.o.o.<\/strong><\/figcaption><\/figure>\n\n\n\n<figure class=\"wp-block-image size-large\"><img loading=\"lazy\" decoding=\"async\" width=\"1024\" height=\"768\" data-id=\"74\" src=\"https:\/\/prodelmi.hr\/wp-content\/uploads\/2023\/11\/277530256_3148031152080807_1915287019064006433_n-ink-1024x768.jpeg\" alt=\"\" class=\"wp-image-74\" srcset=\"https:\/\/prodelmi.hr\/wp-content\/uploads\/2023\/11\/277530256_3148031152080807_1915287019064006433_n-ink-1024x768.jpeg 1024w, https:\/\/prodelmi.hr\/wp-content\/uploads\/2023\/11\/277530256_3148031152080807_1915287019064006433_n-ink-300x225.jpeg 300w, https:\/\/prodelmi.hr\/wp-content\/uploads\/2023\/11\/277530256_3148031152080807_1915287019064006433_n-ink-768x576.jpeg 768w, https:\/\/prodelmi.hr\/wp-content\/uploads\/2023\/11\/277530256_3148031152080807_1915287019064006433_n-ink-1536x1152.jpeg 1536w, https:\/\/prodelmi.hr\/wp-content\/uploads\/2023\/11\/277530256_3148031152080807_1915287019064006433_n-ink.jpeg 2048w\" sizes=\"auto, (max-width: 1024px) 100vw, 1024px\" \/><figcaption class=\"wp-element-caption\"><strong>Prodelmi d.o.o.<\/strong><\/figcaption><\/figure>\n\n\n\n<figure class=\"wp-block-image size-large\"><img loading=\"lazy\" decoding=\"async\" width=\"960\" height=\"720\" data-id=\"67\" src=\"https:\/\/prodelmi.hr\/wp-content\/uploads\/2023\/11\/282572012_3193125610904694_3856854280983218100_n-ink.jpeg\" alt=\"\" class=\"wp-image-67\" srcset=\"https:\/\/prodelmi.hr\/wp-content\/uploads\/2023\/11\/282572012_3193125610904694_3856854280983218100_n-ink.jpeg 960w, https:\/\/prodelmi.hr\/wp-content\/uploads\/2023\/11\/282572012_3193125610904694_3856854280983218100_n-ink-300x225.jpeg 300w, https:\/\/prodelmi.hr\/wp-content\/uploads\/2023\/11\/282572012_3193125610904694_3856854280983218100_n-ink-768x576.jpeg 768w\" sizes=\"auto, (max-width: 960px) 100vw, 960px\" \/><figcaption class=\"wp-element-caption\"><strong>Prodelmi d.o.o.<\/strong><\/figcaption><\/figure>\n\n\n\n<figure class=\"wp-block-image size-large\"><img loading=\"lazy\" decoding=\"async\" width=\"768\" height=\"1024\" data-id=\"75\" src=\"https:\/\/prodelmi.hr\/wp-content\/uploads\/2023\/11\/285812849_3193125734238015_8063178970476425746_n-ink-768x1024.jpeg\" alt=\"\" class=\"wp-image-75\" srcset=\"https:\/\/prodelmi.hr\/wp-content\/uploads\/2023\/11\/285812849_3193125734238015_8063178970476425746_n-ink-768x1024.jpeg 768w, https:\/\/prodelmi.hr\/wp-content\/uploads\/2023\/11\/285812849_3193125734238015_8063178970476425746_n-ink-225x300.jpeg 225w, https:\/\/prodelmi.hr\/wp-content\/uploads\/2023\/11\/285812849_3193125734238015_8063178970476425746_n-ink-1152x1536.jpeg 1152w, https:\/\/prodelmi.hr\/wp-content\/uploads\/2023\/11\/285812849_3193125734238015_8063178970476425746_n-ink.jpeg 1536w\" sizes=\"auto, (max-width: 768px) 100vw, 768px\" \/><figcaption class=\"wp-element-caption\"><strong>Prodelmi d.o.o.<\/strong><\/figcaption><\/figure>\n\n\n\n<figure class=\"wp-block-image size-large is-style-default\"><img loading=\"lazy\" decoding=\"async\" width=\"1024\" height=\"768\" data-id=\"73\" src=\"https:\/\/prodelmi.hr\/wp-content\/uploads\/2023\/11\/301971942_481335290667327_6591751253811530028_n-ink-1024x768.jpeg\" alt=\"\" class=\"wp-image-73\" srcset=\"https:\/\/prodelmi.hr\/wp-content\/uploads\/2023\/11\/301971942_481335290667327_6591751253811530028_n-ink-1024x768.jpeg 1024w, https:\/\/prodelmi.hr\/wp-content\/uploads\/2023\/11\/301971942_481335290667327_6591751253811530028_n-ink-300x225.jpeg 300w, https:\/\/prodelmi.hr\/wp-content\/uploads\/2023\/11\/301971942_481335290667327_6591751253811530028_n-ink-768x576.jpeg 768w, https:\/\/prodelmi.hr\/wp-content\/uploads\/2023\/11\/301971942_481335290667327_6591751253811530028_n-ink-1536x1152.jpeg 1536w, https:\/\/prodelmi.hr\/wp-content\/uploads\/2023\/11\/301971942_481335290667327_6591751253811530028_n-ink.jpeg 2048w\" sizes=\"auto, (max-width: 1024px) 100vw, 1024px\" \/><figcaption class=\"wp-element-caption\"><strong>Prodelmi d.o.o.<\/strong><\/figcaption><\/figure>\n\n\n\n<figure class=\"wp-block-image size-large\"><img loading=\"lazy\" decoding=\"async\" width=\"960\" height=\"720\" data-id=\"69\" src=\"https:\/\/prodelmi.hr\/wp-content\/uploads\/2023\/11\/306945296_497921035675419_4644888093674836073_n-ink.jpeg\" alt=\"\" class=\"wp-image-69\" srcset=\"https:\/\/prodelmi.hr\/wp-content\/uploads\/2023\/11\/306945296_497921035675419_4644888093674836073_n-ink.jpeg 960w, https:\/\/prodelmi.hr\/wp-content\/uploads\/2023\/11\/306945296_497921035675419_4644888093674836073_n-ink-300x225.jpeg 300w, https:\/\/prodelmi.hr\/wp-content\/uploads\/2023\/11\/306945296_497921035675419_4644888093674836073_n-ink-768x576.jpeg 768w\" sizes=\"auto, (max-width: 960px) 100vw, 960px\" \/><figcaption class=\"wp-element-caption\"><strong>Prodelmi d.o.o.<\/strong><\/figcaption><\/figure>\n\n\n\n<figure class=\"wp-block-image size-large\"><img loading=\"lazy\" decoding=\"async\" width=\"960\" height=\"720\" data-id=\"71\" src=\"https:\/\/prodelmi.hr\/wp-content\/uploads\/2023\/11\/307070832_497920355675487_5640520150670591124_n-ink.jpeg\" alt=\"\" class=\"wp-image-71\" srcset=\"https:\/\/prodelmi.hr\/wp-content\/uploads\/2023\/11\/307070832_497920355675487_5640520150670591124_n-ink.jpeg 960w, https:\/\/prodelmi.hr\/wp-content\/uploads\/2023\/11\/307070832_497920355675487_5640520150670591124_n-ink-300x225.jpeg 300w, https:\/\/prodelmi.hr\/wp-content\/uploads\/2023\/11\/307070832_497920355675487_5640520150670591124_n-ink-768x576.jpeg 768w\" sizes=\"auto, (max-width: 960px) 100vw, 960px\" \/><figcaption class=\"wp-element-caption\"><strong>Prodelmi d.o.o.<\/strong><\/figcaption><\/figure>\n\n\n\n<figure class=\"wp-block-image size-large\"><img loading=\"lazy\" decoding=\"async\" width=\"960\" height=\"720\" data-id=\"68\" src=\"https:\/\/prodelmi.hr\/wp-content\/uploads\/2023\/11\/312736264_542026067931582_6053251430283557749_n-ink.jpeg\" alt=\"\" class=\"wp-image-68\" srcset=\"https:\/\/prodelmi.hr\/wp-content\/uploads\/2023\/11\/312736264_542026067931582_6053251430283557749_n-ink.jpeg 960w, https:\/\/prodelmi.hr\/wp-content\/uploads\/2023\/11\/312736264_542026067931582_6053251430283557749_n-ink-300x225.jpeg 300w, https:\/\/prodelmi.hr\/wp-content\/uploads\/2023\/11\/312736264_542026067931582_6053251430283557749_n-ink-768x576.jpeg 768w\" sizes=\"auto, (max-width: 960px) 100vw, 960px\" \/><figcaption class=\"wp-element-caption\"><strong>Prodelmi d.o.o.<\/strong><\/figcaption><\/figure>\n\n\n\n<figure class=\"wp-block-image size-large\"><img loading=\"lazy\" decoding=\"async\" width=\"1024\" height=\"768\" data-id=\"96\" src=\"https:\/\/prodelmi.hr\/wp-content\/uploads\/2023\/11\/WhatsApp-Image-2023-11-27-at-08.49.55-1-1-1024x768.jpeg\" alt=\"\" class=\"wp-image-96\" srcset=\"https:\/\/prodelmi.hr\/wp-content\/uploads\/2023\/11\/WhatsApp-Image-2023-11-27-at-08.49.55-1-1-1024x768.jpeg 1024w, https:\/\/prodelmi.hr\/wp-content\/uploads\/2023\/11\/WhatsApp-Image-2023-11-27-at-08.49.55-1-1-300x225.jpeg 300w, https:\/\/prodelmi.hr\/wp-content\/uploads\/2023\/11\/WhatsApp-Image-2023-11-27-at-08.49.55-1-1-768x576.jpeg 768w, https:\/\/prodelmi.hr\/wp-content\/uploads\/2023\/11\/WhatsApp-Image-2023-11-27-at-08.49.55-1-1-1536x1152.jpeg 1536w, https:\/\/prodelmi.hr\/wp-content\/uploads\/2023\/11\/WhatsApp-Image-2023-11-27-at-08.49.55-1-1.jpeg 2000w\" sizes=\"auto, (max-width: 1024px) 100vw, 1024px\" \/><figcaption class=\"wp-element-caption\"><strong>Prodelmi d.o.o.<\/strong><\/figcaption><\/figure>\n\n\n\n<figure class=\"wp-block-image size-large\"><img loading=\"lazy\" decoding=\"async\" width=\"1024\" height=\"768\" data-id=\"97\" src=\"https:\/\/prodelmi.hr\/wp-content\/uploads\/2023\/11\/WhatsApp-Image-2023-11-27-at-08.49.55-2-1-1024x768.jpeg\" alt=\"\" class=\"wp-image-97\" srcset=\"https:\/\/prodelmi.hr\/wp-content\/uploads\/2023\/11\/WhatsApp-Image-2023-11-27-at-08.49.55-2-1-1024x768.jpeg 1024w, https:\/\/prodelmi.hr\/wp-content\/uploads\/2023\/11\/WhatsApp-Image-2023-11-27-at-08.49.55-2-1-300x225.jpeg 300w, https:\/\/prodelmi.hr\/wp-content\/uploads\/2023\/11\/WhatsApp-Image-2023-11-27-at-08.49.55-2-1-768x576.jpeg 768w, https:\/\/prodelmi.hr\/wp-content\/uploads\/2023\/11\/WhatsApp-Image-2023-11-27-at-08.49.55-2-1-1536x1152.jpeg 1536w, https:\/\/prodelmi.hr\/wp-content\/uploads\/2023\/11\/WhatsApp-Image-2023-11-27-at-08.49.55-2-1.jpeg 2000w\" sizes=\"auto, (max-width: 1024px) 100vw, 1024px\" \/><figcaption class=\"wp-element-caption\"><strong>Prodelmi d.o.o.<\/strong><\/figcaption><\/figure>\n\n\n\n<figure class=\"wp-block-image size-large\"><img loading=\"lazy\" decoding=\"async\" width=\"1024\" height=\"768\" data-id=\"101\" src=\"https:\/\/prodelmi.hr\/wp-content\/uploads\/2023\/11\/WhatsApp-Image-2023-11-27-at-08.49.55-3-1-1024x768.jpeg\" alt=\"\" class=\"wp-image-101\" srcset=\"https:\/\/prodelmi.hr\/wp-content\/uploads\/2023\/11\/WhatsApp-Image-2023-11-27-at-08.49.55-3-1-1024x768.jpeg 1024w, https:\/\/prodelmi.hr\/wp-content\/uploads\/2023\/11\/WhatsApp-Image-2023-11-27-at-08.49.55-3-1-300x225.jpeg 300w, https:\/\/prodelmi.hr\/wp-content\/uploads\/2023\/11\/WhatsApp-Image-2023-11-27-at-08.49.55-3-1-768x576.jpeg 768w, https:\/\/prodelmi.hr\/wp-content\/uploads\/2023\/11\/WhatsApp-Image-2023-11-27-at-08.49.55-3-1-1536x1152.jpeg 1536w, https:\/\/prodelmi.hr\/wp-content\/uploads\/2023\/11\/WhatsApp-Image-2023-11-27-at-08.49.55-3-1.jpeg 2000w\" sizes=\"auto, (max-width: 1024px) 100vw, 1024px\" \/><figcaption class=\"wp-element-caption\"><strong>Prodelmi d.o.o.<\/strong><\/figcaption><\/figure>\n\n\n\n<figure class=\"wp-block-image size-large\"><img loading=\"lazy\" decoding=\"async\" width=\"1024\" height=\"768\" data-id=\"94\" src=\"https:\/\/prodelmi.hr\/wp-content\/uploads\/2023\/11\/WhatsApp-Image-2023-11-27-at-08.49.56-1024x768.jpeg\" alt=\"\" class=\"wp-image-94\" srcset=\"https:\/\/prodelmi.hr\/wp-content\/uploads\/2023\/11\/WhatsApp-Image-2023-11-27-at-08.49.56-1024x768.jpeg 1024w, https:\/\/prodelmi.hr\/wp-content\/uploads\/2023\/11\/WhatsApp-Image-2023-11-27-at-08.49.56-300x225.jpeg 300w, https:\/\/prodelmi.hr\/wp-content\/uploads\/2023\/11\/WhatsApp-Image-2023-11-27-at-08.49.56-768x576.jpeg 768w, https:\/\/prodelmi.hr\/wp-content\/uploads\/2023\/11\/WhatsApp-Image-2023-11-27-at-08.49.56-1536x1152.jpeg 1536w, https:\/\/prodelmi.hr\/wp-content\/uploads\/2023\/11\/WhatsApp-Image-2023-11-27-at-08.49.56.jpeg 2000w\" sizes=\"auto, (max-width: 1024px) 100vw, 1024px\" \/><figcaption class=\"wp-element-caption\"><strong>Prodelmi d.o.o.<\/strong><\/figcaption><\/figure>\n\n\n\n<figure class=\"wp-block-image size-large\"><img loading=\"lazy\" decoding=\"async\" width=\"768\" height=\"1024\" data-id=\"98\" src=\"https:\/\/prodelmi.hr\/wp-content\/uploads\/2023\/11\/WhatsApp-Image-2023-11-27-at-08.49.57-768x1024.jpeg\" alt=\"\" class=\"wp-image-98\" srcset=\"https:\/\/prodelmi.hr\/wp-content\/uploads\/2023\/11\/WhatsApp-Image-2023-11-27-at-08.49.57-768x1024.jpeg 768w, https:\/\/prodelmi.hr\/wp-content\/uploads\/2023\/11\/WhatsApp-Image-2023-11-27-at-08.49.57-225x300.jpeg 225w, https:\/\/prodelmi.hr\/wp-content\/uploads\/2023\/11\/WhatsApp-Image-2023-11-27-at-08.49.57-1152x1536.jpeg 1152w, https:\/\/prodelmi.hr\/wp-content\/uploads\/2023\/11\/WhatsApp-Image-2023-11-27-at-08.49.57.jpeg 1500w\" sizes=\"auto, (max-width: 768px) 100vw, 768px\" \/><figcaption class=\"wp-element-caption\"><strong>Prodelmi d.o.o.<\/strong><\/figcaption><\/figure>\n\n\n\n<figure class=\"wp-block-image size-large\"><img loading=\"lazy\" decoding=\"async\" width=\"1024\" height=\"768\" data-id=\"99\" src=\"https:\/\/prodelmi.hr\/wp-content\/uploads\/2023\/11\/WhatsApp-Image-2023-11-27-at-08.49.58-1-1024x768.jpeg\" alt=\"\" class=\"wp-image-99\" srcset=\"https:\/\/prodelmi.hr\/wp-content\/uploads\/2023\/11\/WhatsApp-Image-2023-11-27-at-08.49.58-1-1024x768.jpeg 1024w, https:\/\/prodelmi.hr\/wp-content\/uploads\/2023\/11\/WhatsApp-Image-2023-11-27-at-08.49.58-1-300x225.jpeg 300w, https:\/\/prodelmi.hr\/wp-content\/uploads\/2023\/11\/WhatsApp-Image-2023-11-27-at-08.49.58-1-768x576.jpeg 768w, https:\/\/prodelmi.hr\/wp-content\/uploads\/2023\/11\/WhatsApp-Image-2023-11-27-at-08.49.58-1-1536x1152.jpeg 1536w, https:\/\/prodelmi.hr\/wp-content\/uploads\/2023\/11\/WhatsApp-Image-2023-11-27-at-08.49.58-1.jpeg 2000w\" sizes=\"auto, (max-width: 1024px) 100vw, 1024px\" \/><figcaption class=\"wp-element-caption\"><strong>Prodelmi d.o.o.<\/strong><\/figcaption><\/figure>\n\n\n\n<figure class=\"wp-block-image size-large\"><img loading=\"lazy\" decoding=\"async\" width=\"1024\" height=\"768\" data-id=\"100\" src=\"https:\/\/prodelmi.hr\/wp-content\/uploads\/2023\/11\/WhatsApp-Image-2023-11-27-at-08.49.58-1024x768.jpeg\" alt=\"\" class=\"wp-image-100\" srcset=\"https:\/\/prodelmi.hr\/wp-content\/uploads\/2023\/11\/WhatsApp-Image-2023-11-27-at-08.49.58-1024x768.jpeg 1024w, https:\/\/prodelmi.hr\/wp-content\/uploads\/2023\/11\/WhatsApp-Image-2023-11-27-at-08.49.58-300x225.jpeg 300w, https:\/\/prodelmi.hr\/wp-content\/uploads\/2023\/11\/WhatsApp-Image-2023-11-27-at-08.49.58-768x576.jpeg 768w, https:\/\/prodelmi.hr\/wp-content\/uploads\/2023\/11\/WhatsApp-Image-2023-11-27-at-08.49.58-1536x1152.jpeg 1536w, https:\/\/prodelmi.hr\/wp-content\/uploads\/2023\/11\/WhatsApp-Image-2023-11-27-at-08.49.58.jpeg 2000w\" sizes=\"auto, (max-width: 1024px) 100vw, 1024px\" \/><figcaption class=\"wp-element-caption\"><strong>Prodelmi d.o.o.<\/strong><\/figcaption><\/figure>\n<\/figure>\n\n\n\n\n\n<p class=\"has-text-align-center\">Posjetite na\u0161e dru\u0161tvene mre\u017ee za ve\u0107u galeriju radova&#8230;.<\/p>\n","protected":false},"excerpt":{"rendered":"<p>Posjetite na\u0161e dru\u0161tvene mre\u017ee za ve\u0107u galeriju radova&#8230;.<\/p>\n","protected":false},"author":1,"featured_media":0,"parent":0,"menu_order":0,"comment_status":"closed","ping_status":"closed","template":"","meta":{"footnotes":""},"class_list":["post-43","page","type-page","status-publish","hentry"],"_links":{"self":[{"href":"https:\/\/prodelmi.hr\/index.php\/wp-json\/wp\/v2\/pages\/43","targetHints":{"allow":["GET"]}}],"collection":[{"href":"https:\/\/prodelmi.hr\/index.php\/wp-json\/wp\/v2\/pages"}],"about":[{"href":"https:\/\/prodelmi.hr\/index.php\/wp-json\/wp\/v2\/types\/page"}],"author":[{"embeddable":true,"href":"https:\/\/prodelmi.hr\/index.php\/wp-json\/wp\/v2\/users\/1"}],"replies":[{"embeddable":true,"href":"https:\/\/prodelmi.hr\/index.php\/wp-json\/wp\/v2\/comments?post=43"}],"version-history":[{"count":7,"href":"https:\/\/prodelmi.hr\/index.php\/wp-json\/wp\/v2\/pages\/43\/revisions"}],"predecessor-version":[{"id":139,"href":"https:\/\/prodelmi.hr\/index.php\/wp-json\/wp\/v2\/pages\/43\/revisions\/139"}],"wp:attachment":[{"href":"https:\/\/prodelmi.hr\/index.php\/wp-json\/wp\/v2\/media?parent=43"}],"curies":[{"name":"wp","href":"https:\/\/api.w.org\/{rel}","templated":true}]}}