{"id":8,"date":"2023-11-07T10:42:06","date_gmt":"2023-11-07T10:42:06","guid":{"rendered":"https:\/\/prodelmi.hr\/?page_id=8"},"modified":"2023-11-27T09:24:23","modified_gmt":"2023-11-27T09:24:23","slug":"o-nama","status":"publish","type":"page","link":"https:\/\/prodelmi.hr\/index.php\/o-nama\/","title":{"rendered":"O nama"},"content":{"rendered":"\n<p><\/p>\n\n\n\n<div class=\"wp-block-media-text is-stacked-on-mobile\"><figure class=\"wp-block-media-text__media\"><img loading=\"lazy\" decoding=\"async\" width=\"455\" height=\"218\" src=\"https:\/\/prodelmi.hr\/wp-content\/uploads\/2023\/11\/Untitled.png\" alt=\"\" class=\"wp-image-92 size-full\" srcset=\"https:\/\/prodelmi.hr\/wp-content\/uploads\/2023\/11\/Untitled.png 455w, https:\/\/prodelmi.hr\/wp-content\/uploads\/2023\/11\/Untitled-300x144.png 300w\" sizes=\"auto, (max-width: 455px) 100vw, 455px\" \/><\/figure><div class=\"wp-block-media-text__content\">\n<p><\/p>\n\n\n\n<div class=\"wp-block-columns is-layout-flex wp-container-core-columns-is-layout-28f84493 wp-block-columns-is-layout-flex\">\n<div class=\"wp-block-column is-layout-flow wp-block-column-is-layout-flow\" style=\"flex-basis:100%\">\n<div class=\"wp-block-group is-style-plain is-layout-flow wp-block-group-is-layout-flow\">\n<h6 class=\"wp-block-heading has-text-align-center\"><\/h6>\n\n\n\n<pre class=\"wp-block-verse has-text-align-center\">OIB 66411789864, <em>MB 04168755 sukladno va\u017ee\u0107im odredbama Zakona o ra\u010dunovodstvu spada u skupinu mikro poduzetnika, a tip vlasni\u0161tva je privatno od osnivanja. Prete\u017eita djelatnost subjekta je 4331 - Fasadni i \u0161tukaturski radovi (F - GRA\u0110EVINARSTVO).<\/em><\/pre>\n<\/div>\n<\/div>\n<\/div>\n<\/div><\/div>\n\n\n\n<blockquote class=\"wp-block-quote is-layout-flow wp-block-quote-is-layout-flow\">\n<h6 class=\"wp-block-heading\"><bdo dir=\"ltr\" lang=\"\">PRODELMI USLUGE d.o.o. slu\u017ebeno posluje od 2014. god. s prija\u0161njim 10+ godi\u0161njem iskustvom u ovom sektoru tj. gra\u0111evini. Sjedi\u0161te tvrtke je u Zagrebu, Dupci 47. Radove vr\u0161imo po potrebi i \u0161ire, tj. na podru\u010dju cijele Hrvatske. Bavimo se raznim gra\u0111evinskim radovima, poput fasaderskih, \u017ebukanja, postavljanja glazure, hidroizolacije i industrijskih podova. <\/bdo><bdo dir=\"ltr\" lang=\"\">Na\u0161a ekipa je stru\u010dno usposobljena za sve navedene radove, te vam na temelju vi\u0161egodi\u0161njeg iskustva nudimo samo kvalitetne usluge. Profesionalnim pristupom svakom projektu posebno, uspjeli smo stvoriti kvalitetnu tvrtku, koja se mo\u017ee pohvaliti brojnim zna\u010dajnim referencama. Na\u0161a vizija je \u0161to ve\u0107i broj zadovoljnih klijenata, rije\u0161avanje svih zapreka i po\u0161tenost do kraja.<\/bdo><\/h6>\n<\/blockquote>\n","protected":false},"excerpt":{"rendered":"<p>PRODELMI USLUGE d.o.o. slu\u017ebeno posluje od 2014. god. s prija\u0161njim 10+ godi\u0161njem iskustvom u ovom [&hellip;]<\/p>\n","protected":false},"author":1,"featured_media":0,"parent":0,"menu_order":0,"comment_status":"closed","ping_status":"closed","template":"","meta":{"footnotes":""},"class_list":["post-8","page","type-page","status-publish","hentry"],"_links":{"self":[{"href":"https:\/\/prodelmi.hr\/index.php\/wp-json\/wp\/v2\/pages\/8","targetHints":{"allow":["GET"]}}],"collection":[{"href":"https:\/\/prodelmi.hr\/index.php\/wp-json\/wp\/v2\/pages"}],"about":[{"href":"https:\/\/prodelmi.hr\/index.php\/wp-json\/wp\/v2\/types\/page"}],"author":[{"embeddable":true,"href":"https:\/\/prodelmi.hr\/index.php\/wp-json\/wp\/v2\/users\/1"}],"replies":[{"embeddable":true,"href":"https:\/\/prodelmi.hr\/index.php\/wp-json\/wp\/v2\/comments?post=8"}],"version-history":[{"count":12,"href":"https:\/\/prodelmi.hr\/index.php\/wp-json\/wp\/v2\/pages\/8\/revisions"}],"predecessor-version":[{"id":115,"href":"https:\/\/prodelmi.hr\/index.php\/wp-json\/wp\/v2\/pages\/8\/revisions\/115"}],"wp:attachment":[{"href":"https:\/\/prodelmi.hr\/index.php\/wp-json\/wp\/v2\/media?parent=8"}],"curies":[{"name":"wp","href":"https:\/\/api.w.org\/{rel}","templated":true}]}}